{"id":12,"date":"2024-04-03T13:55:50","date_gmt":"2024-04-03T11:55:50","guid":{"rendered":"http:\/\/stadtkapelle-illertissen.de\/?page_id=12"},"modified":"2026-04-13T20:06:07","modified_gmt":"2026-04-13T18:06:07","slug":"home","status":"publish","type":"page","link":"https:\/\/stadtkapelle-illertissen.de\/","title":{"rendered":"Home"},"content":{"rendered":"\n<h2 class=\"wp-block-heading\">Neueste News<\/h2>\n\n\n<ul style=\"font-size:14px;\" class=\"wp-block-latest-posts__list has-dates wp-block-latest-posts\"><li><a class=\"wp-block-latest-posts__post-title\" href=\"https:\/\/stadtkapelle-illertissen.de\/?p=618\">Die Stadtkapelle zeigt beim Osterkonzert ihr meisterhaftes K\u00f6nnen<\/a><time datetime=\"2026-04-13T20:04:44+02:00\" class=\"wp-block-latest-posts__post-date\">13. April 2026<\/time><div class=\"wp-block-latest-posts__post-excerpt\">Dirigent David Sch\u00f6pf und seine Musikerinnen und Musiker begeistern 600 Menschen in Illertissen. Und am Ende gibt es noch eine \u00dcberraschung. Von Wilhelm Schmid Rund sechshundert Leute im Publikum wurden in der V\u00f6hlinhalle von der Stadtkapelle Illertissen zu Beginn ihres 61. Osterkonzertes in die Weiten des Weltraums mitgenommen, wo man\u2026\u00a0<a class=\"wp-block-latest-posts__read-more\" href=\"https:\/\/stadtkapelle-illertissen.de\/?p=618\" rel=\"noopener noreferrer\"><span class=\"screen-reader-text\">Die Stadtkapelle zeigt beim Osterkonzert ihr meisterhaftes K\u00f6nnen <\/span>weiterlesen<\/a><\/div><\/li>\n<li><a class=\"wp-block-latest-posts__post-title\" href=\"https:\/\/stadtkapelle-illertissen.de\/?p=608\">Die Stadtkapelle Illertissen l\u00e4dt zum Osterkonzert ein<\/a><time datetime=\"2026-03-23T18:35:55+01:00\" class=\"wp-block-latest-posts__post-date\">23. M\u00e4rz 2026<\/time><div class=\"wp-block-latest-posts__post-excerpt\">Das Ensemble spannt am 5. April einen weiten Bogen von konzertanten Werken zu popul\u00e4ren Melodien. Der Vorverkauf hat begonnen. Die Stadtkapelle Illertissen l\u00e4dt am Abend des Ostersonntags, 5. April, von 19 Uhr an, in die V\u00f6hlinhalle beim Schul- und Sportzentrum an der Dietenheimer Stra\u00dfe zum Auftakte ihres Konzertprogramms im 151.\u2026\u00a0<a class=\"wp-block-latest-posts__read-more\" href=\"https:\/\/stadtkapelle-illertissen.de\/?p=608\" rel=\"noopener noreferrer\"><span class=\"screen-reader-text\">Die Stadtkapelle Illertissen l\u00e4dt zum Osterkonzert ein <\/span>weiterlesen<\/a><\/div><\/li>\n<li><a class=\"wp-block-latest-posts__post-title\" href=\"https:\/\/stadtkapelle-illertissen.de\/?p=601\">Generalversammlung 2026<\/a><time datetime=\"2026-03-06T18:01:30+01:00\" class=\"wp-block-latest-posts__post-date\">6. M\u00e4rz 2026<\/time><div class=\"wp-block-latest-posts__post-excerpt\">R\u00fcckschau auf ein ebenso erfolg- wie arbeitsreiches Jubil\u00e4umsjahr \u201e150 Jahre Stadtkapelle Illertissen\u201c sowie Ausblicke darauf, dass die \u00d6ffentlichkeit auch heuer unterhaltsame und konzertante Blasmusik mit Niveau erleben wird, standen auf dem Programm der Jahresversammlung. 73 Aktive spielen im Sinfonischen Blasorchester; in der Jugendkapelle werden 13 und in der Vorstufe 14\u2026\u00a0<a class=\"wp-block-latest-posts__read-more\" href=\"https:\/\/stadtkapelle-illertissen.de\/?p=601\" rel=\"noopener noreferrer\"><span class=\"screen-reader-text\">Generalversammlung 2026 <\/span>weiterlesen<\/a><\/div><\/li>\n<\/ul>\n\n\n<figure class=\"wp-block-embed is-type-video is-provider-youtube wp-block-embed-youtube wp-embed-aspect-16-9 wp-has-aspect-ratio\"><div class=\"wp-block-embed__wrapper\">\n<iframe loading=\"lazy\" title=\"Stadtkapelle Illertissen - Vorstellungsvideo\" width=\"500\" height=\"281\" src=\"https:\/\/www.youtube.com\/embed\/Crm6b5k6xsc?feature=oembed\" frameborder=\"0\" allow=\"accelerometer; autoplay; clipboard-write; encrypted-media; gyroscope; picture-in-picture; web-share\" referrerpolicy=\"strict-origin-when-cross-origin\" allowfullscreen><\/iframe>\n<\/div><\/figure>\n","protected":false},"excerpt":{"rendered":"<p>Neueste News<\/p>\n","protected":false},"author":1,"featured_media":0,"parent":0,"menu_order":0,"comment_status":"closed","ping_status":"closed","template":"","meta":{"site-sidebar-layout":"default","site-content-layout":"","ast-site-content-layout":"default","site-content-style":"default","site-sidebar-style":"default","ast-global-header-display":"","ast-banner-title-visibility":"","ast-main-header-display":"","ast-hfb-above-header-display":"","ast-hfb-below-header-display":"","ast-hfb-mobile-header-display":"","site-post-title":"","ast-breadcrumbs-content":"","ast-featured-img":"","footer-sml-layout":"","ast-disable-related-posts":"","theme-transparent-header-meta":"","adv-header-id-meta":"","stick-header-meta":"","header-above-stick-meta":"","header-main-stick-meta":"","header-below-stick-meta":"","astra-migrate-meta-layouts":"default","ast-page-background-enabled":"default","ast-page-background-meta":{"desktop":{"background-color":"var(--ast-global-color-5)","background-image":"","background-repeat":"repeat","background-position":"center center","background-size":"auto","background-attachment":"scroll","background-type":"","background-media":"","overlay-type":"","overlay-color":"","overlay-opacity":"","overlay-gradient":""},"tablet":{"background-color":"","background-image":"","background-repeat":"repeat","background-position":"center center","background-size":"auto","background-attachment":"scroll","background-type":"","background-media":"","overlay-type":"","overlay-color":"","overlay-opacity":"","overlay-gradient":""},"mobile":{"background-color":"","background-image":"","background-repeat":"repeat","background-position":"center center","background-size":"auto","background-attachment":"scroll","background-type":"","background-media":"","overlay-type":"","overlay-color":"","overlay-opacity":"","overlay-gradient":""}},"ast-content-background-meta":{"desktop":{"background-color":"var(--ast-global-color-4)","background-image":"","background-repeat":"repeat","background-position":"center center","background-size":"auto","background-attachment":"scroll","background-type":"","background-media":"","overlay-type":"","overlay-color":"","overlay-opacity":"","overlay-gradient":""},"tablet":{"background-color":"var(--ast-global-color-4)","background-image":"","background-repeat":"repeat","background-position":"center center","background-size":"auto","background-attachment":"scroll","background-type":"","background-media":"","overlay-type":"","overlay-color":"","overlay-opacity":"","overlay-gradient":""},"mobile":{"background-color":"var(--ast-global-color-4)","background-image":"","background-repeat":"repeat","background-position":"center center","background-size":"auto","background-attachment":"scroll","background-type":"","background-media":"","overlay-type":"","overlay-color":"","overlay-opacity":"","overlay-gradient":""}},"footnotes":""},"class_list":["post-12","page","type-page","status-publish","hentry"],"_links":{"self":[{"href":"https:\/\/stadtkapelle-illertissen.de\/index.php?rest_route=\/wp\/v2\/pages\/12","targetHints":{"allow":["GET"]}}],"collection":[{"href":"https:\/\/stadtkapelle-illertissen.de\/index.php?rest_route=\/wp\/v2\/pages"}],"about":[{"href":"https:\/\/stadtkapelle-illertissen.de\/index.php?rest_route=\/wp\/v2\/types\/page"}],"author":[{"embeddable":true,"href":"https:\/\/stadtkapelle-illertissen.de\/index.php?rest_route=\/wp\/v2\/users\/1"}],"replies":[{"embeddable":true,"href":"https:\/\/stadtkapelle-illertissen.de\/index.php?rest_route=%2Fwp%2Fv2%2Fcomments&post=12"}],"version-history":[{"count":2,"href":"https:\/\/stadtkapelle-illertissen.de\/index.php?rest_route=\/wp\/v2\/pages\/12\/revisions"}],"predecessor-version":[{"id":620,"href":"https:\/\/stadtkapelle-illertissen.de\/index.php?rest_route=\/wp\/v2\/pages\/12\/revisions\/620"}],"wp:attachment":[{"href":"https:\/\/stadtkapelle-illertissen.de\/index.php?rest_route=%2Fwp%2Fv2%2Fmedia&parent=12"}],"curies":[{"name":"wp","href":"https:\/\/api.w.org\/{rel}","templated":true}]}}