{"id":339,"date":"2024-11-29T16:37:21","date_gmt":"2024-11-29T15:37:21","guid":{"rendered":"https:\/\/stadtkapelle-illertissen.de\/?page_id=339"},"modified":"2024-11-29T16:37:21","modified_gmt":"2024-11-29T15:37:21","slug":"wertungsspiele","status":"publish","type":"page","link":"https:\/\/stadtkapelle-illertissen.de\/?page_id=339","title":{"rendered":"Wertungsspiele"},"content":{"rendered":"\n<p>Am Samstag, den 26. April 2025 starten um 9:00 Uhr in der V\u00f6hlinhalle Illertissen die Wertungsspiele. Wir freuen uns sehr auf eure Teilnahme und auf viele musikalische Highlights.<\/p>\n\n\n\n<figure data-wp-context=\"{&quot;imageId&quot;:&quot;69d1eefd37740&quot;}\" data-wp-interactive=\"core\/image\" data-wp-key=\"69d1eefd37740\" class=\"wp-block-image size-medium wp-lightbox-container\"><img loading=\"lazy\" decoding=\"async\" width=\"214\" height=\"300\" data-wp-class--hide=\"state.isContentHidden\" data-wp-class--show=\"state.isContentVisible\" data-wp-init=\"callbacks.setButtonStyles\" data-wp-on--click=\"actions.showLightbox\" data-wp-on--load=\"callbacks.setButtonStyles\" data-wp-on-window--resize=\"callbacks.setButtonStyles\" src=\"http:\/\/217.154.211.222:8080\/wp-content\/uploads\/2025\/04\/168cacdf-d60c-4346-9eeb-16801c4920c4-214x300.jpeg\" alt=\"\" class=\"wp-image-473\" srcset=\"https:\/\/stadtkapelle-illertissen.de\/wp-content\/uploads\/2025\/04\/168cacdf-d60c-4346-9eeb-16801c4920c4-214x300.jpeg 214w, https:\/\/stadtkapelle-illertissen.de\/wp-content\/uploads\/2025\/04\/168cacdf-d60c-4346-9eeb-16801c4920c4-729x1024.jpeg 729w, https:\/\/stadtkapelle-illertissen.de\/wp-content\/uploads\/2025\/04\/168cacdf-d60c-4346-9eeb-16801c4920c4-768x1078.jpeg 768w, https:\/\/stadtkapelle-illertissen.de\/wp-content\/uploads\/2025\/04\/168cacdf-d60c-4346-9eeb-16801c4920c4.jpeg 1079w\" sizes=\"auto, (max-width: 214px) 100vw, 214px\" \/><button\n\t\t\tclass=\"lightbox-trigger\"\n\t\t\ttype=\"button\"\n\t\t\taria-haspopup=\"dialog\"\n\t\t\taria-label=\"Vergr\u00f6\u00dfern\"\n\t\t\tdata-wp-init=\"callbacks.initTriggerButton\"\n\t\t\tdata-wp-on--click=\"actions.showLightbox\"\n\t\t\tdata-wp-style--right=\"state.imageButtonRight\"\n\t\t\tdata-wp-style--top=\"state.imageButtonTop\"\n\t\t>\n\t\t\t<svg xmlns=\"http:\/\/www.w3.org\/2000\/svg\" width=\"12\" height=\"12\" fill=\"none\" viewBox=\"0 0 12 12\">\n\t\t\t\t<path fill=\"#fff\" d=\"M2 0a2 2 0 0 0-2 2v2h1.5V2a.5.5 0 0 1 .5-.5h2V0H2Zm2 10.5H2a.5.5 0 0 1-.5-.5V8H0v2a2 2 0 0 0 2 2h2v-1.5ZM8 12v-1.5h2a.5.5 0 0 0 .5-.5V8H12v2a2 2 0 0 1-2 2H8Zm2-12a2 2 0 0 1 2 2v2h-1.5V2a.5.5 0 0 0-.5-.5H8V0h2Z\" \/>\n\t\t\t<\/svg>\n\t\t<\/button><\/figure>\n\n\n\n<h2 class=\"wp-block-heading\">Wichtige Informationen f\u00fcr euch als Teilnehmer<\/h2>\n\n\n\n<p>Die Wertung erfolgt &#8222;geschlossen&#8220;, das hei\u00dft die Bekanntgabe der Ergebnisse werden erst am Abend, bei unserer gro\u00dfen Jubil\u00e4umsparty in der Festhalle des Kollegs Illertissen, bekannt gegeben.<\/p>\n\n\n\n<p>Euer Pflichtst\u00fcck k\u00f6nnt ihr aus der Auswahl- und Repertoireliste des BDMV w\u00e4hlen. Auf der <a href=\"https:\/\/www.asm-online.de\/service-center\/wertungsspiele\">Downloadseite<\/a> des Allg\u00e4u-Schw\u00e4bischen Musikbundes findet ihr alle wichtigen Links, die Wertungsspielordnungen und die Listen f\u00fcr Traditionelle Blasmusik.<\/p>\n\n\n\n<p>Zur Vorbereitung stehen euch die Einspielr\u00e4ume in der benachbarten Erhard-V\u00f6hlin-Mittelschule Illertissen zur Verf\u00fcgung. Diese k\u00f6nnt ihr ab eine Stunde vor eurem Auftritt nutzen. Denkt bitte daran, eure Notenst\u00e4nder mitzubringen \u2013 Utensilien, die ihr nicht auf der B\u00fchne ben\u00f6tigt, k\u00f6nnen bis nach eurem Auftritt im Einspielraum bleiben. Bitte beachtet, dass die Einspielr\u00e4ume w\u00e4hrenddessen nicht abgesperrt werden.<\/p>\n\n\n\n<p>Wir bitten euch, den B\u00fchnenplan und die Besetzungsliste bis zur Anmeldung im Einspielraum ausgef\u00fcllt abzugeben. Nat\u00fcrlich k\u00f6nnt ihr diese auch gerne schon vorab per E-Mail an <a>wertungsspiele@stadtkapelle-illertissen.de<\/a> senden. Denkt bitte auch daran, die Partituren dreifach mitzubringen, damit alles reibungslos l\u00e4uft!<\/p>\n\n\n\n<p><a href=\"http:\/\/stadtkapelle-illertissen.de\/wp-content\/uploads\/2024\/12\/Buehnenplan_Voehlinhalle_Illertissen-2.pdf\" data-type=\"link\" data-id=\"http:\/\/stadtkapelle-illertissen.de\/wp-content\/uploads\/2024\/12\/Buehnenplan_Voehlinhalle_Illertissen-2.pdf\">B\u00fchnenplan V\u00f6hlinhalle Illertissen<\/a><\/p>\n\n\n\n<p><a href=\"http:\/\/stadtkapelle-illertissen.de\/wp-content\/uploads\/2024\/12\/BesetzungslisteASM-4.pdf\" data-type=\"link\" data-id=\"http:\/\/stadtkapelle-illertissen.de\/wp-content\/uploads\/2024\/12\/BesetzungslisteASM-4.pdf\">Besetzungsplan ASM<\/a><\/p>\n\n\n\n<p>Wir freuen uns sehr auf euren musikalischen Beitrag und einen unvergesslichen Tag voller Musik und Gemeinschaft!<\/p>\n\n\n\n<p>Auf der B\u00fchne stehen Dirigentenpult, Notenst\u00e4nder und folgendes Schlagwerk bereit:<\/p>\n\n\n\n<ul class=\"wp-block-list\">\n<li>Tom-Tom 10&#8243;, (2x) 12&#8243;, 13&#8243;, (2x) 14&#8243;,  (2x) 16&#8243;<\/li>\n\n\n\n<li>Bass-Drum 22&#8243;<\/li>\n\n\n\n<li>Snare 14&#8243;<\/li>\n\n\n\n<li>Hi-Hat 14&#8243;<\/li>\n\n\n\n<li>Crash (2x) 16&#8243;<\/li>\n\n\n\n<li>Ride (2x) 20&#8243;<\/li>\n\n\n\n<li>Hocker f\u00fcr Drumset<\/li>\n\n\n\n<li>4er-Satz Pauken (23&#8243;, 26&#8243;, 28&#8243; 32&#8243;) inkl. Paukenstuhl<\/li>\n\n\n\n<li>Konzerttrommel 36&#8243;<\/li>\n\n\n\n<li>1 Paar Konzertbecken 18&#8243;<\/li>\n\n\n\n<li>Xylophon<\/li>\n\n\n\n<li>Vibraphon<\/li>\n\n\n\n<li>Marimaphon<\/li>\n\n\n\n<li>Glockenspiel<\/li>\n\n\n\n<li>R\u00f6hrenglocken<\/li>\n\n\n\n<li>Tam-Tam<\/li>\n\n\n\n<li>Congas<\/li>\n\n\n\n<li>Bongos<\/li>\n\n\n\n<li>Windchimes<\/li>\n\n\n\n<li>Diverse Percussion<\/li>\n\n\n\n<li>5 Ablagetische f\u00fcr Percussion<\/li>\n<\/ul>\n\n\n\n<p>Bei R\u00fcckfragen, k\u00f6nnt ihr euch gerne bei Simon Staiger (0176 666 37 552) melden.<\/p>\n\n\n\n<p><strong>Wertungsspiel<\/strong><br>V\u00f6hlinhalle Illertissen<br>Dietenheimer Stra\u00dfe 60<br>89257 Illertissen<\/p>\n\n\n\n<p><strong>Einspielr\u00e4ume<\/strong><br>Erhard-V\u00f6hlin-Mittelschule<br>Dietenheimer Stra\u00dfe 66<br>89257 Illertissen<\/p>\n\n\n\n<p><strong>Siegerehrung<\/strong><br>Festhalle des Kollegs Illertissen<br>Dietenheimer Stra\u00dfe 70<br>89257 Illertissen<\/p>\n","protected":false},"excerpt":{"rendered":"<p>Am Samstag, den 26. April 2025 starten um 9:00 Uhr in der V\u00f6hlinhalle Illertissen die Wertungsspiele. Wir freuen uns sehr auf eure Teilnahme und auf viele musikalische Highlights. Wichtige Informationen f\u00fcr euch als Teilnehmer Die Wertung erfolgt &#8222;geschlossen&#8220;, das hei\u00dft die Bekanntgabe der Ergebnisse werden erst am Abend, bei unserer gro\u00dfen Jubil\u00e4umsparty in der Festhalle [&hellip;]<\/p>\n","protected":false},"author":1,"featured_media":0,"parent":0,"menu_order":0,"comment_status":"closed","ping_status":"closed","template":"","meta":{"site-sidebar-layout":"default","site-content-layout":"","ast-site-content-layout":"default","site-content-style":"default","site-sidebar-style":"default","ast-global-header-display":"","ast-banner-title-visibility":"","ast-main-header-display":"","ast-hfb-above-header-display":"","ast-hfb-below-header-display":"","ast-hfb-mobile-header-display":"","site-post-title":"","ast-breadcrumbs-content":"","ast-featured-img":"","footer-sml-layout":"","ast-disable-related-posts":"","theme-transparent-header-meta":"","adv-header-id-meta":"","stick-header-meta":"","header-above-stick-meta":"","header-main-stick-meta":"","header-below-stick-meta":"","astra-migrate-meta-layouts":"default","ast-page-background-enabled":"default","ast-page-background-meta":{"desktop":{"background-color":"var(--ast-global-color-5)","background-image":"","background-repeat":"repeat","background-position":"center center","background-size":"auto","background-attachment":"scroll","background-type":"","background-media":"","overlay-type":"","overlay-color":"","overlay-opacity":"","overlay-gradient":""},"tablet":{"background-color":"","background-image":"","background-repeat":"repeat","background-position":"center center","background-size":"auto","background-attachment":"scroll","background-type":"","background-media":"","overlay-type":"","overlay-color":"","overlay-opacity":"","overlay-gradient":""},"mobile":{"background-color":"","background-image":"","background-repeat":"repeat","background-position":"center center","background-size":"auto","background-attachment":"scroll","background-type":"","background-media":"","overlay-type":"","overlay-color":"","overlay-opacity":"","overlay-gradient":""}},"ast-content-background-meta":{"desktop":{"background-color":"var(--ast-global-color-4)","background-image":"","background-repeat":"repeat","background-position":"center center","background-size":"auto","background-attachment":"scroll","background-type":"","background-media":"","overlay-type":"","overlay-color":"","overlay-opacity":"","overlay-gradient":""},"tablet":{"background-color":"var(--ast-global-color-4)","background-image":"","background-repeat":"repeat","background-position":"center center","background-size":"auto","background-attachment":"scroll","background-type":"","background-media":"","overlay-type":"","overlay-color":"","overlay-opacity":"","overlay-gradient":""},"mobile":{"background-color":"var(--ast-global-color-4)","background-image":"","background-repeat":"repeat","background-position":"center center","background-size":"auto","background-attachment":"scroll","background-type":"","background-media":"","overlay-type":"","overlay-color":"","overlay-opacity":"","overlay-gradient":""}},"footnotes":""},"class_list":["post-339","page","type-page","status-publish","hentry"],"_links":{"self":[{"href":"https:\/\/stadtkapelle-illertissen.de\/index.php?rest_route=\/wp\/v2\/pages\/339","targetHints":{"allow":["GET"]}}],"collection":[{"href":"https:\/\/stadtkapelle-illertissen.de\/index.php?rest_route=\/wp\/v2\/pages"}],"about":[{"href":"https:\/\/stadtkapelle-illertissen.de\/index.php?rest_route=\/wp\/v2\/types\/page"}],"author":[{"embeddable":true,"href":"https:\/\/stadtkapelle-illertissen.de\/index.php?rest_route=\/wp\/v2\/users\/1"}],"replies":[{"embeddable":true,"href":"https:\/\/stadtkapelle-illertissen.de\/index.php?rest_route=%2Fwp%2Fv2%2Fcomments&post=339"}],"version-history":[{"count":0,"href":"https:\/\/stadtkapelle-illertissen.de\/index.php?rest_route=\/wp\/v2\/pages\/339\/revisions"}],"wp:attachment":[{"href":"https:\/\/stadtkapelle-illertissen.de\/index.php?rest_route=%2Fwp%2Fv2%2Fmedia&parent=339"}],"curies":[{"name":"wp","href":"https:\/\/api.w.org\/{rel}","templated":true}]}}