{"id":444,"date":"2025-04-01T11:38:55","date_gmt":"2025-04-01T09:38:55","guid":{"rendered":"https:\/\/stadtkapelle-illertissen.de\/?page_id=444"},"modified":"2025-04-01T11:38:55","modified_gmt":"2025-04-01T09:38:55","slug":"jugendarbeit","status":"publish","type":"page","link":"https:\/\/stadtkapelle-illertissen.de\/?page_id=444","title":{"rendered":"Jugendarbeit"},"content":{"rendered":"\n<p>Viele gemeinsame Vereinsaktivit\u00e4ten, wie zum Beispiel Ausfl\u00fcge, Spieletage oder musikalische Auftritte sorgen f\u00fcr Freude und Motivation. In einem Musikverein f\u00fchlt man sich als wertvollen Teil einer Gemeinschaft. Gemeinsame Ziele und Aktivit\u00e4ten st\u00e4rken das Zusammengeh\u00f6rigkeitsgef\u00fchl und f\u00fchren automatisch schnell zu Freundschaften. In solchen Momenten f\u00fchlt sich das Engagement im Hobby nicht nur als Spa\u00df, sondern als wertvoller Teil des Lebens an.<\/p>\n\n\n\n<p>Auch unsere Jugendleiterinnen Annabel und Miriam sind durch die Stadtkapelle gute Freundinnen geworden und Teil einer gro\u00dfen Freundesgruppe.<\/p>\n\n\n\n<p>Es ist gro\u00dfartig, ein Teil dieser Gemeinschaft zu sein \u2013 werde auch du ein Teil davon!<\/p>\n\n\n\n<h2 class=\"wp-block-heading\">Jugendleiterinnen<\/h2>\n\n\n\n<figure class=\"wp-block-image size-large is-style-default\"><img loading=\"lazy\" decoding=\"async\" width=\"683\" height=\"1024\" src=\"http:\/\/217.154.211.222:8080\/wp-content\/uploads\/2025\/04\/20250215mvh19-683x1024.jpg\" alt=\"\" class=\"wp-image-441\" style=\"aspect-ratio:4\/3;object-fit:contain\" srcset=\"https:\/\/stadtkapelle-illertissen.de\/wp-content\/uploads\/2025\/04\/20250215mvh19-683x1024.jpg 683w, https:\/\/stadtkapelle-illertissen.de\/wp-content\/uploads\/2025\/04\/20250215mvh19-200x300.jpg 200w, https:\/\/stadtkapelle-illertissen.de\/wp-content\/uploads\/2025\/04\/20250215mvh19-768x1152.jpg 768w, https:\/\/stadtkapelle-illertissen.de\/wp-content\/uploads\/2025\/04\/20250215mvh19-1024x1536.jpg 1024w, https:\/\/stadtkapelle-illertissen.de\/wp-content\/uploads\/2025\/04\/20250215mvh19.jpg 1067w\" sizes=\"auto, (max-width: 683px) 100vw, 683px\" \/><\/figure>\n\n\n\n<p>Haben wir dein Interesse geweckt? Dann darfst du dich gerne gleich bei unseren Jugendleiterinnen melden. Annabel und Miriam stehen dir f\u00fcr jegliche R\u00fcckfragen gerne zur Verf\u00fcgung. Schreibe einfach eine kurze <a href=\"mailto:jugendleiter@stadtkapelle-illertissen.de\">E-Mail<\/a> mit deinen Kontaktdaten und wir werden schnellstm\u00f6glich mit dir in Kontakt treten.<\/p>\n\n\n\n<h2 class=\"wp-block-heading\">Werdegang<\/h2>\n\n\n\n<p>Unsere Jugendarbeit beginnt in den Bl\u00e4serklassen der Grundschule Illertissen. Dort k\u00f6nnen Grundsch\u00fcler*innen erste Erfahrungen mit Instrumenten sammeln und grundlegende musikalische F\u00e4higkeiten erlernen.<\/p>\n\n\n\n<p>Dieser Weg f\u00fchrt nahtlos in das Vorstufenorchester der Stadtkapelle Illertissen sowie in den Einzelunterricht an der Musikschule, in der die jungen Musiker*innen ihre Fertigkeiten weiter ausbauen k\u00f6nnen.<\/p>\n\n\n\n<p>Die Jugendkapelle ist dann ein weiterer wichtiger Schritt, um das Zusammenspiel in einem Orchester zu vertiefen und die musikalische Reife zu f\u00f6rdern. Sie dient nicht nur der Weiterentwicklung der Technik am Instrument, sondern auch der Integration in die musikalische Gemeinschaft.<\/p>\n\n\n\n<p>Nach einigen Jahren erfolgt der Eintritt in die Stadtkapelle, in der die Jugendlichen die M\u00f6glichkeit haben, auf hohem Niveau mit erfahrenen Musiker*innen zu spielen und an gr\u00f6\u00dferen musikalischen Projekten teilzunehmen.<\/p>\n\n\n\n<p>Diese Entwicklung von der Bl\u00e4serklasse bis hin zur Stadtkapelle f\u00f6rdert nicht nur das musikalische Talent, sondern auch die sozialen F\u00e4higkeiten, die Teamarbeit und den Vereinsgedanken &#8211; f\u00fcr die Jugendlichen eine wertvolle Erfahrung.<\/p>\n\n\n\n<div class=\"beginning step\">\n                        <div class=\"begin\">\n                            <div>Einstieg \u00fcber<\/div>\n                            <div class=\"step-headline\">Unterricht<\/div>\n                            <p>ab ca. 3. Jahrgangsstufe oder sp\u00e4ter &ndash; nehmen Sie Kontakt mit uns auf<\/p>   \n                        <\/div>\n                        <div><b>ODER<\/b><\/div>\n                        <div class=\"begin\">\n                            <div>Einstieg \u00fcber<\/div>\n                            <div class=\"step-headline\">Bl\u00e4serklasse<\/div>\n                            <p>3. \/ 4. Jahrgangsstufe<br>Grundschule Illertissen<\/p>   \n                        <\/div>\n                    <\/div>\n<div class=\"arrow\">\n                        <span>\u21b7<\/span>\n                    <\/div>\n<div class=\"first-step step\">\n                        <div class=\"step-headline\">Vorstufenorchester<\/div>\n                        <p>Parallel: Einzelunterricht<\/p>\n                        <p>Instrumentenmiete noch bis zu vier Jahre m\u00f6glich<br \/>Kauf eines eigenen Instruments (Zuschuss bis zu 20% durch finanzielle Mittel des Bayerischen Staatsministerium f\u00fcr Wissenschaft und Kunst)<\/p>\n                    <\/div>\n<div class=\"arrow\">\n                        <span>\u21b7<\/span>\n                    <\/div>\n<div class=\"youth step\">\n                        <div class=\"step-headline\">Jugendkapelle<\/div>\n                        <p>Parallel: Einzelunterricht<\/p>\n                    <\/div>\n<div class=\"arrow\">\n                        <span>\u21b7<\/span>\n                    <\/div>\n<div class=\"big step\" style=\"margin-bottom: 20px;\">\n                        <div class=\"step-headline\">Gro\u00dfes Orchester<\/div>\n                        <p>(Parallel: Einzelunterricht)<\/p>\n                    <\/div>\n\n\n\n<figure class=\"wp-block-image size-large\"><img decoding=\"async\" src=\"http:\/\/217.154.211.222:8080\/wp-content\/uploads\/2025\/11\/Jugend2025-1024x412.jpeg\" alt=\"\" class=\"wp-image-534\"\/><\/figure>\n","protected":false},"excerpt":{"rendered":"<p>Viele gemeinsame Vereinsaktivit\u00e4ten, wie zum Beispiel Ausfl\u00fcge, Spieletage oder musikalische Auftritte sorgen f\u00fcr Freude und Motivation. In einem Musikverein f\u00fchlt man sich als wertvollen Teil einer Gemeinschaft. Gemeinsame Ziele und Aktivit\u00e4ten st\u00e4rken das Zusammengeh\u00f6rigkeitsgef\u00fchl und f\u00fchren automatisch schnell zu Freundschaften. In solchen Momenten f\u00fchlt sich das Engagement im Hobby nicht nur als Spa\u00df, sondern als [&hellip;]<\/p>\n","protected":false},"author":1,"featured_media":0,"parent":0,"menu_order":0,"comment_status":"closed","ping_status":"closed","template":"","meta":{"site-sidebar-layout":"default","site-content-layout":"","ast-site-content-layout":"default","site-content-style":"default","site-sidebar-style":"default","ast-global-header-display":"","ast-banner-title-visibility":"","ast-main-header-display":"","ast-hfb-above-header-display":"","ast-hfb-below-header-display":"","ast-hfb-mobile-header-display":"","site-post-title":"","ast-breadcrumbs-content":"","ast-featured-img":"","footer-sml-layout":"","ast-disable-related-posts":"","theme-transparent-header-meta":"","adv-header-id-meta":"","stick-header-meta":"","header-above-stick-meta":"","header-main-stick-meta":"","header-below-stick-meta":"","astra-migrate-meta-layouts":"default","ast-page-background-enabled":"default","ast-page-background-meta":{"desktop":{"background-color":"var(--ast-global-color-5)","background-image":"","background-repeat":"repeat","background-position":"center center","background-size":"auto","background-attachment":"scroll","background-type":"","background-media":"","overlay-type":"","overlay-color":"","overlay-opacity":"","overlay-gradient":""},"tablet":{"background-color":"","background-image":"","background-repeat":"repeat","background-position":"center center","background-size":"auto","background-attachment":"scroll","background-type":"","background-media":"","overlay-type":"","overlay-color":"","overlay-opacity":"","overlay-gradient":""},"mobile":{"background-color":"","background-image":"","background-repeat":"repeat","background-position":"center center","background-size":"auto","background-attachment":"scroll","background-type":"","background-media":"","overlay-type":"","overlay-color":"","overlay-opacity":"","overlay-gradient":""}},"ast-content-background-meta":{"desktop":{"background-color":"var(--ast-global-color-4)","background-image":"","background-repeat":"repeat","background-position":"center center","background-size":"auto","background-attachment":"scroll","background-type":"","background-media":"","overlay-type":"","overlay-color":"","overlay-opacity":"","overlay-gradient":""},"tablet":{"background-color":"var(--ast-global-color-4)","background-image":"","background-repeat":"repeat","background-position":"center center","background-size":"auto","background-attachment":"scroll","background-type":"","background-media":"","overlay-type":"","overlay-color":"","overlay-opacity":"","overlay-gradient":""},"mobile":{"background-color":"var(--ast-global-color-4)","background-image":"","background-repeat":"repeat","background-position":"center center","background-size":"auto","background-attachment":"scroll","background-type":"","background-media":"","overlay-type":"","overlay-color":"","overlay-opacity":"","overlay-gradient":""}},"footnotes":""},"class_list":["post-444","page","type-page","status-publish","hentry"],"_links":{"self":[{"href":"https:\/\/stadtkapelle-illertissen.de\/index.php?rest_route=\/wp\/v2\/pages\/444","targetHints":{"allow":["GET"]}}],"collection":[{"href":"https:\/\/stadtkapelle-illertissen.de\/index.php?rest_route=\/wp\/v2\/pages"}],"about":[{"href":"https:\/\/stadtkapelle-illertissen.de\/index.php?rest_route=\/wp\/v2\/types\/page"}],"author":[{"embeddable":true,"href":"https:\/\/stadtkapelle-illertissen.de\/index.php?rest_route=\/wp\/v2\/users\/1"}],"replies":[{"embeddable":true,"href":"https:\/\/stadtkapelle-illertissen.de\/index.php?rest_route=%2Fwp%2Fv2%2Fcomments&post=444"}],"version-history":[{"count":0,"href":"https:\/\/stadtkapelle-illertissen.de\/index.php?rest_route=\/wp\/v2\/pages\/444\/revisions"}],"wp:attachment":[{"href":"https:\/\/stadtkapelle-illertissen.de\/index.php?rest_route=%2Fwp%2Fv2%2Fmedia&parent=444"}],"curies":[{"name":"wp","href":"https:\/\/api.w.org\/{rel}","templated":true}]}}