{"id":60,"date":"2024-04-03T14:53:27","date_gmt":"2024-04-03T12:53:27","guid":{"rendered":"http:\/\/stadtkapelle-illertissen.de\/?page_id=60"},"modified":"2024-04-03T14:53:27","modified_gmt":"2024-04-03T12:53:27","slug":"dirigenten","status":"publish","type":"page","link":"https:\/\/stadtkapelle-illertissen.de\/?page_id=60","title":{"rendered":"Dirigenten"},"content":{"rendered":"\n<figure class=\"wp-block-image size-large\"><img loading=\"lazy\" decoding=\"async\" width=\"1024\" height=\"683\" src=\"http:\/\/217.154.211.222:8080\/wp-content\/uploads\/2025\/04\/20250215mvh20-1024x683.jpg\" alt=\"\" class=\"wp-image-442\" srcset=\"https:\/\/stadtkapelle-illertissen.de\/wp-content\/uploads\/2025\/04\/20250215mvh20-1024x683.jpg 1024w, https:\/\/stadtkapelle-illertissen.de\/wp-content\/uploads\/2025\/04\/20250215mvh20-300x200.jpg 300w, https:\/\/stadtkapelle-illertissen.de\/wp-content\/uploads\/2025\/04\/20250215mvh20-768x512.jpg 768w, https:\/\/stadtkapelle-illertissen.de\/wp-content\/uploads\/2025\/04\/20250215mvh20-1536x1024.jpg 1536w, https:\/\/stadtkapelle-illertissen.de\/wp-content\/uploads\/2025\/04\/20250215mvh20.jpg 1920w\" sizes=\"auto, (max-width: 1024px) 100vw, 1024px\" \/><\/figure>\n\n\n\n<h3 class=\"wp-block-heading\">David Sch\u00f6pf<\/h3>\n\n\n\n<p>David Sch\u00f6pf wuchs in Langerringen, Landkreis Augsburg, auf und erhielt mit acht Jahren seinen ersten Unterricht auf der Trompete.<\/p>\n\n\n\n<p>Nach dem Abitur 2018 begann er sein Bachelorstudium in den F\u00e4chern Blasorchesterleitung bei Prof. Maurice Hamers und Trompete bei Prof. Uwe Kleindienst, die er beide im Jahr 2023 mit der Bestnote 1,0 abschloss.<br>W\u00e4hrend seines Studiums \u00fcbernahm er bereits ab dem dritten Semester die k\u00fcnstlerische Leitung der Musikvereine Mattsies und Lamerdingen sowie der Academy Band (jetzt Schw\u00e4bische Jugend Brass Band) der Bayerischen Brass Band Akademie. Mit letzterer gewann er im Jahr 2021 die German Open Brass Band Championships in der Kategorie C. Auch durfte David Sch\u00f6pf im Rahmen seines Studiums und seiner Meisterkurse mehrfach mit dem Konzertorchester des Musikkorps der Bundeswehr zusammenarbeiten und dieses in Konzerten dirigieren. Seit Februar 2023 ist er der k\u00fcnstlerische Leiter der Musikkapelle Opfenbach und der Jugendkapelle Lindau.<\/p>\n\n\n\n<p>Zurzeit befindet er sich in seinem Master of Music Studium bei Prof. Maurice Hamers im Fach Blasorchesterleitung.<\/p>\n\n\n\n<h3 class=\"wp-block-heading\">Manuela Hartmann<\/h3>\n\n\n\n<p>Text folgt&#8230;<\/p>\n\n\n\n<h3 class=\"wp-block-heading\">Ehrendirigent Rudolf B\u00f6hm<\/h3>\n\n\n\n<p>Geboren 1944 in Illertissen. Er erlernte als 12-j\u00e4hriger bei Hans Lattner Tenorhorn, wechselte mit 14 Jahren zum Bariton und entwickelte sich bereits in jungen Jahren zu einer wichtige musikalischen St\u00fctze der Stadtkapelle und mehrerer befreundeter Kapellen in der Umgebung. Im Orchesterverein Illertissen erlernte er den Kontrabass, den er dort von 1965 bis zur Aufl\u00f6sung des Vereins Anfang der 70-er Jahre spielte. Bis heute ist er als Kontrabassist im Kirchenorchester der Stadtpfarrei St. Martin nicht wegzudenken. Anfang der 70-er Jahre baute er die Jugendarbeit des Vereins auf und gr\u00fcndete 1973 die erste offizielle Jugendkapelle. Beim Allg\u00e4u-Schw\u00e4bischen Musikbund absolvierte er seine Dirigentenausbildung als Lehrgangsbester und \u00fcbernahm 1978 den Taktstock von seinem Vorg\u00e4nger Hans N\u00e4gele. Seit dieser Zeit baute er in unerm\u00fcdlicher Arbeit und mit Weitsicht die Stadtkapelle auf, um nach und nach durch konsequente Schulung, Anschaffung und Besetzung von Instrumenten wie Kontrabass, Oboe, Fagott, Baritonsaxofon, Bassklarinette und umfangreichem Schlagwerk und die Auswahl entsprechender Literatur ein Symphonisches Blasorchester heranzubilden. Unter seiner Stabf\u00fchrung entwickelten sich die Osterkonzerte der Stadtkapelle zu einem j\u00e4hrlichen musikalischen Ereignis, das immer wieder Ma\u00dfst\u00e4be im Bereich der Laienmusik in der Region setzt. Neben seiner Dirigentent\u00e4tigkeit widmete er sich auch intensiv der Ensemblearbeit. Durch seine Initiative entstanden das traditionelle Blechbl\u00e4serquartett und die Illertisser Bl\u00e4ser, wo Rudi B\u00f6hm bis heute mit seinem Bariton die musikalische Leitung inne hat. Im Laufe seiner musikalischen T\u00e4tigkeit konnte er neben dem Titel &#8222;Staatlich anerkannter Dirigent von Blasorchestern im Laienmusizieren&#8220; viele \u00f6ffentliche Auszeichnungen und Ehrungen entgegennehmen, unter anderem die Ehrennadel und die B\u00fcrgermedaille in Silber der Stadt Illertissen und das Ehrenzeichen des Bayerischen Ministerpr\u00e4sidenten f\u00fcr Verdienste im Ehrenamt. Auf eigenen Wunsch wechselte er im Jahr 1999 vom Dirigentenpult zum Notenpult und bereichert das Orchester seither als wesentliche musikalische St\u00fctze am Kontrabass und am Bariton. Als Dank und Anerkennung f\u00fcr seine gro\u00dfen Verdienste um die Stadtkapelle in \u00fcber 20-j\u00e4hriger Dirigentent\u00e4tigkeit wurde er 1999 einstimmig zum (aktiven) Ehrendirigenten ernannt.<\/p>\n","protected":false},"excerpt":{"rendered":"<p>David Sch\u00f6pf David Sch\u00f6pf wuchs in Langerringen, Landkreis Augsburg, auf und erhielt mit acht Jahren seinen ersten Unterricht auf der Trompete. Nach dem Abitur 2018 begann er sein Bachelorstudium in den F\u00e4chern Blasorchesterleitung bei Prof. Maurice Hamers und Trompete bei Prof. Uwe Kleindienst, die er beide im Jahr 2023 mit der Bestnote 1,0 abschloss.W\u00e4hrend seines [&hellip;]<\/p>\n","protected":false},"author":1,"featured_media":0,"parent":0,"menu_order":0,"comment_status":"closed","ping_status":"closed","template":"","meta":{"site-sidebar-layout":"default","site-content-layout":"","ast-site-content-layout":"default","site-content-style":"default","site-sidebar-style":"default","ast-global-header-display":"","ast-banner-title-visibility":"","ast-main-header-display":"","ast-hfb-above-header-display":"","ast-hfb-below-header-display":"","ast-hfb-mobile-header-display":"","site-post-title":"","ast-breadcrumbs-content":"","ast-featured-img":"","footer-sml-layout":"","ast-disable-related-posts":"","theme-transparent-header-meta":"","adv-header-id-meta":"","stick-header-meta":"","header-above-stick-meta":"","header-main-stick-meta":"","header-below-stick-meta":"","astra-migrate-meta-layouts":"default","ast-page-background-enabled":"default","ast-page-background-meta":{"desktop":{"background-color":"var(--ast-global-color-5)","background-image":"","background-repeat":"repeat","background-position":"center center","background-size":"auto","background-attachment":"scroll","background-type":"","background-media":"","overlay-type":"","overlay-color":"","overlay-opacity":"","overlay-gradient":""},"tablet":{"background-color":"","background-image":"","background-repeat":"repeat","background-position":"center center","background-size":"auto","background-attachment":"scroll","background-type":"","background-media":"","overlay-type":"","overlay-color":"","overlay-opacity":"","overlay-gradient":""},"mobile":{"background-color":"","background-image":"","background-repeat":"repeat","background-position":"center center","background-size":"auto","background-attachment":"scroll","background-type":"","background-media":"","overlay-type":"","overlay-color":"","overlay-opacity":"","overlay-gradient":""}},"ast-content-background-meta":{"desktop":{"background-color":"var(--ast-global-color-4)","background-image":"","background-repeat":"repeat","background-position":"center center","background-size":"auto","background-attachment":"scroll","background-type":"","background-media":"","overlay-type":"","overlay-color":"","overlay-opacity":"","overlay-gradient":""},"tablet":{"background-color":"var(--ast-global-color-4)","background-image":"","background-repeat":"repeat","background-position":"center center","background-size":"auto","background-attachment":"scroll","background-type":"","background-media":"","overlay-type":"","overlay-color":"","overlay-opacity":"","overlay-gradient":""},"mobile":{"background-color":"var(--ast-global-color-4)","background-image":"","background-repeat":"repeat","background-position":"center center","background-size":"auto","background-attachment":"scroll","background-type":"","background-media":"","overlay-type":"","overlay-color":"","overlay-opacity":"","overlay-gradient":""}},"footnotes":""},"class_list":["post-60","page","type-page","status-publish","hentry"],"_links":{"self":[{"href":"https:\/\/stadtkapelle-illertissen.de\/index.php?rest_route=\/wp\/v2\/pages\/60","targetHints":{"allow":["GET"]}}],"collection":[{"href":"https:\/\/stadtkapelle-illertissen.de\/index.php?rest_route=\/wp\/v2\/pages"}],"about":[{"href":"https:\/\/stadtkapelle-illertissen.de\/index.php?rest_route=\/wp\/v2\/types\/page"}],"author":[{"embeddable":true,"href":"https:\/\/stadtkapelle-illertissen.de\/index.php?rest_route=\/wp\/v2\/users\/1"}],"replies":[{"embeddable":true,"href":"https:\/\/stadtkapelle-illertissen.de\/index.php?rest_route=%2Fwp%2Fv2%2Fcomments&post=60"}],"version-history":[{"count":0,"href":"https:\/\/stadtkapelle-illertissen.de\/index.php?rest_route=\/wp\/v2\/pages\/60\/revisions"}],"wp:attachment":[{"href":"https:\/\/stadtkapelle-illertissen.de\/index.php?rest_route=%2Fwp%2Fv2%2Fmedia&parent=60"}],"curies":[{"name":"wp","href":"https:\/\/api.w.org\/{rel}","templated":true}]}}