{"id":70,"date":"2024-04-03T14:59:40","date_gmt":"2024-04-03T12:59:40","guid":{"rendered":"http:\/\/stadtkapelle-illertissen.de\/?page_id=70"},"modified":"2026-02-02T16:49:15","modified_gmt":"2026-02-02T15:49:15","slug":"sinfonisches-blasorchester","status":"publish","type":"page","link":"https:\/\/stadtkapelle-illertissen.de\/?page_id=70","title":{"rendered":"Sinfonisches Blasorchester"},"content":{"rendered":"\n<figure class=\"wp-block-image size-large\"><img loading=\"lazy\" decoding=\"async\" width=\"1024\" height=\"575\" src=\"https:\/\/testwp.stadtkapelle-illertissen.de\/wp-content\/uploads\/2025\/04\/img3148-1024x575.webp\" alt=\"\" class=\"wp-image-461\" srcset=\"https:\/\/stadtkapelle-illertissen.de\/wp-content\/uploads\/2025\/04\/img3148-1024x575.webp 1024w, https:\/\/stadtkapelle-illertissen.de\/wp-content\/uploads\/2025\/04\/img3148-300x169.webp 300w, https:\/\/stadtkapelle-illertissen.de\/wp-content\/uploads\/2025\/04\/img3148-768x432.webp 768w, https:\/\/stadtkapelle-illertissen.de\/wp-content\/uploads\/2025\/04\/img3148-1536x863.webp 1536w, https:\/\/stadtkapelle-illertissen.de\/wp-content\/uploads\/2025\/04\/img3148.webp 2000w\" sizes=\"auto, (max-width: 1024px) 100vw, 1024px\" \/><\/figure>\n\n\n\n<p>Musikbegeisterte B\u00fcrger gr\u00fcndeten 1875 den Musikverein Illertissen. 1928 geh\u00f6rte die Kapelle zu den ersten Mitgliedern des Allg\u00e4u-Schw\u00e4bischen Musikbundes und wurde 1954, anl\u00e4sslich der Stadterhebung Illertissens, zur Stadtkapelle ernannt. Zum hundertj\u00e4hrigen Jubil\u00e4um im Jahre 1975, wurde die Kapelle mit der Pro-Musica-Plakette des Bundespr\u00e4sidenten ausgezeichnet. Unsere heutige Stadtkapelle Illertissen, ein gemeinn\u00fctziger Verein, besteht aus ca. 165 musizierenden Mitgliedern, darunter sind 50% unter 18 Jahren. Die Stadtkapelle, ein sinfonisches Blasorchester mit derzeit \u00fcber 60 Musikerinnen und Musikern, musiziert bei Wettbewerben in der Ober- bis H\u00f6chststufe.<\/p>\n\n\n\n<p>Wir proben jeden Dienstag von 19:30 Uhr bis 21:30 Uhr. Wenn du bei uns mitspielen willst, melde dich gerne unter <a href=\"tel:+4917624376214\">+49 (0)176 24376214 (Birgit Kundela)<\/a> oder nutze das <a href=\"http:\/\/217.154.211.222:8080\/?page_id=180\" data-type=\"page\" data-id=\"180\">Kontaktformular<\/a>.<\/p>\n","protected":false},"excerpt":{"rendered":"<p>Musikbegeisterte B\u00fcrger gr\u00fcndeten 1875 den Musikverein Illertissen. 1928 geh\u00f6rte die Kapelle zu den ersten Mitgliedern des Allg\u00e4u-Schw\u00e4bischen Musikbundes und wurde 1954, anl\u00e4sslich der Stadterhebung Illertissens, zur Stadtkapelle ernannt. Zum hundertj\u00e4hrigen Jubil\u00e4um im Jahre 1975, wurde die Kapelle mit der Pro-Musica-Plakette des Bundespr\u00e4sidenten ausgezeichnet. Unsere heutige Stadtkapelle Illertissen, ein gemeinn\u00fctziger Verein, besteht aus ca. 165 musizierenden [&hellip;]<\/p>\n","protected":false},"author":1,"featured_media":0,"parent":0,"menu_order":0,"comment_status":"closed","ping_status":"closed","template":"","meta":{"site-sidebar-layout":"default","site-content-layout":"","ast-site-content-layout":"default","site-content-style":"default","site-sidebar-style":"default","ast-global-header-display":"","ast-banner-title-visibility":"","ast-main-header-display":"","ast-hfb-above-header-display":"","ast-hfb-below-header-display":"","ast-hfb-mobile-header-display":"","site-post-title":"","ast-breadcrumbs-content":"","ast-featured-img":"","footer-sml-layout":"","ast-disable-related-posts":"","theme-transparent-header-meta":"","adv-header-id-meta":"","stick-header-meta":"","header-above-stick-meta":"","header-main-stick-meta":"","header-below-stick-meta":"","astra-migrate-meta-layouts":"default","ast-page-background-enabled":"default","ast-page-background-meta":{"desktop":{"background-color":"var(--ast-global-color-5)","background-image":"","background-repeat":"repeat","background-position":"center center","background-size":"auto","background-attachment":"scroll","background-type":"","background-media":"","overlay-type":"","overlay-color":"","overlay-opacity":"","overlay-gradient":""},"tablet":{"background-color":"","background-image":"","background-repeat":"repeat","background-position":"center center","background-size":"auto","background-attachment":"scroll","background-type":"","background-media":"","overlay-type":"","overlay-color":"","overlay-opacity":"","overlay-gradient":""},"mobile":{"background-color":"","background-image":"","background-repeat":"repeat","background-position":"center center","background-size":"auto","background-attachment":"scroll","background-type":"","background-media":"","overlay-type":"","overlay-color":"","overlay-opacity":"","overlay-gradient":""}},"ast-content-background-meta":{"desktop":{"background-color":"var(--ast-global-color-4)","background-image":"","background-repeat":"repeat","background-position":"center center","background-size":"auto","background-attachment":"scroll","background-type":"","background-media":"","overlay-type":"","overlay-color":"","overlay-opacity":"","overlay-gradient":""},"tablet":{"background-color":"var(--ast-global-color-4)","background-image":"","background-repeat":"repeat","background-position":"center center","background-size":"auto","background-attachment":"scroll","background-type":"","background-media":"","overlay-type":"","overlay-color":"","overlay-opacity":"","overlay-gradient":""},"mobile":{"background-color":"var(--ast-global-color-4)","background-image":"","background-repeat":"repeat","background-position":"center center","background-size":"auto","background-attachment":"scroll","background-type":"","background-media":"","overlay-type":"","overlay-color":"","overlay-opacity":"","overlay-gradient":""}},"footnotes":""},"class_list":["post-70","page","type-page","status-publish","hentry"],"_links":{"self":[{"href":"https:\/\/stadtkapelle-illertissen.de\/index.php?rest_route=\/wp\/v2\/pages\/70","targetHints":{"allow":["GET"]}}],"collection":[{"href":"https:\/\/stadtkapelle-illertissen.de\/index.php?rest_route=\/wp\/v2\/pages"}],"about":[{"href":"https:\/\/stadtkapelle-illertissen.de\/index.php?rest_route=\/wp\/v2\/types\/page"}],"author":[{"embeddable":true,"href":"https:\/\/stadtkapelle-illertissen.de\/index.php?rest_route=\/wp\/v2\/users\/1"}],"replies":[{"embeddable":true,"href":"https:\/\/stadtkapelle-illertissen.de\/index.php?rest_route=%2Fwp%2Fv2%2Fcomments&post=70"}],"version-history":[{"count":2,"href":"https:\/\/stadtkapelle-illertissen.de\/index.php?rest_route=\/wp\/v2\/pages\/70\/revisions"}],"predecessor-version":[{"id":582,"href":"https:\/\/stadtkapelle-illertissen.de\/index.php?rest_route=\/wp\/v2\/pages\/70\/revisions\/582"}],"wp:attachment":[{"href":"https:\/\/stadtkapelle-illertissen.de\/index.php?rest_route=%2Fwp%2Fv2%2Fmedia&parent=70"}],"curies":[{"name":"wp","href":"https:\/\/api.w.org\/{rel}","templated":true}]}}