{"id":72,"date":"2024-04-03T14:59:55","date_gmt":"2024-04-03T12:59:55","guid":{"rendered":"http:\/\/stadtkapelle-illertissen.de\/?page_id=72"},"modified":"2024-04-03T14:59:55","modified_gmt":"2024-04-03T12:59:55","slug":"jugendkapelle","status":"publish","type":"page","link":"https:\/\/stadtkapelle-illertissen.de\/?page_id=72","title":{"rendered":"Jugendkapelle"},"content":{"rendered":"\n<figure class=\"wp-block-image size-large\"><img loading=\"lazy\" decoding=\"async\" width=\"1024\" height=\"517\" src=\"http:\/\/217.154.211.222:8080\/wp-content\/uploads\/2025\/11\/Juka2025-1-1024x517.jpeg\" alt=\"\" class=\"wp-image-538\" srcset=\"https:\/\/stadtkapelle-illertissen.de\/wp-content\/uploads\/2025\/11\/Juka2025-1-1024x517.jpeg 1024w, https:\/\/stadtkapelle-illertissen.de\/wp-content\/uploads\/2025\/11\/Juka2025-1-300x152.jpeg 300w, https:\/\/stadtkapelle-illertissen.de\/wp-content\/uploads\/2025\/11\/Juka2025-1-768x388.jpeg 768w, https:\/\/stadtkapelle-illertissen.de\/wp-content\/uploads\/2025\/11\/Juka2025-1-1536x776.jpeg 1536w, https:\/\/stadtkapelle-illertissen.de\/wp-content\/uploads\/2025\/11\/Juka2025-1-2048x1035.jpeg 2048w\" sizes=\"auto, (max-width: 1024px) 100vw, 1024px\" \/><\/figure>\n\n\n\n<p>Die Jugendkapelle Illertissen besteht derzeit aus etwa 15 Mitgliedern. Seit dem Schuljahr 2025\/26 wird sie von David Sch\u00f6pf geleitet. J\u00e4hrlich findet ein eigenst\u00e4ndiges Jugendkonzert statt, neben verschiedenen kleineren Auftritten auch zusammen mit dem sinfonischen Blasorchester. Vorbereitet wird dieses durch w\u00f6chentliche Proben. Durch gemeinsame Ausfl\u00fcge wird die Gemeinschaft au\u00dferhalb der Probenarbeit gest\u00e4rkt.<\/p>\n","protected":false},"excerpt":{"rendered":"<p>Die Jugendkapelle Illertissen besteht derzeit aus etwa 15 Mitgliedern. Seit dem Schuljahr 2025\/26 wird sie von David Sch\u00f6pf geleitet. J\u00e4hrlich findet ein eigenst\u00e4ndiges Jugendkonzert statt, neben verschiedenen kleineren Auftritten auch zusammen mit dem sinfonischen Blasorchester. Vorbereitet wird dieses durch w\u00f6chentliche Proben. Durch gemeinsame Ausfl\u00fcge wird die Gemeinschaft au\u00dferhalb der Probenarbeit gest\u00e4rkt.<\/p>\n","protected":false},"author":1,"featured_media":0,"parent":0,"menu_order":0,"comment_status":"closed","ping_status":"closed","template":"","meta":{"site-sidebar-layout":"default","site-content-layout":"","ast-site-content-layout":"default","site-content-style":"default","site-sidebar-style":"default","ast-global-header-display":"","ast-banner-title-visibility":"","ast-main-header-display":"","ast-hfb-above-header-display":"","ast-hfb-below-header-display":"","ast-hfb-mobile-header-display":"","site-post-title":"","ast-breadcrumbs-content":"","ast-featured-img":"","footer-sml-layout":"","ast-disable-related-posts":"","theme-transparent-header-meta":"","adv-header-id-meta":"","stick-header-meta":"","header-above-stick-meta":"","header-main-stick-meta":"","header-below-stick-meta":"","astra-migrate-meta-layouts":"default","ast-page-background-enabled":"default","ast-page-background-meta":{"desktop":{"background-color":"var(--ast-global-color-5)","background-image":"","background-repeat":"repeat","background-position":"center center","background-size":"auto","background-attachment":"scroll","background-type":"","background-media":"","overlay-type":"","overlay-color":"","overlay-opacity":"","overlay-gradient":""},"tablet":{"background-color":"","background-image":"","background-repeat":"repeat","background-position":"center center","background-size":"auto","background-attachment":"scroll","background-type":"","background-media":"","overlay-type":"","overlay-color":"","overlay-opacity":"","overlay-gradient":""},"mobile":{"background-color":"","background-image":"","background-repeat":"repeat","background-position":"center center","background-size":"auto","background-attachment":"scroll","background-type":"","background-media":"","overlay-type":"","overlay-color":"","overlay-opacity":"","overlay-gradient":""}},"ast-content-background-meta":{"desktop":{"background-color":"var(--ast-global-color-4)","background-image":"","background-repeat":"repeat","background-position":"center center","background-size":"auto","background-attachment":"scroll","background-type":"","background-media":"","overlay-type":"","overlay-color":"","overlay-opacity":"","overlay-gradient":""},"tablet":{"background-color":"var(--ast-global-color-4)","background-image":"","background-repeat":"repeat","background-position":"center center","background-size":"auto","background-attachment":"scroll","background-type":"","background-media":"","overlay-type":"","overlay-color":"","overlay-opacity":"","overlay-gradient":""},"mobile":{"background-color":"var(--ast-global-color-4)","background-image":"","background-repeat":"repeat","background-position":"center center","background-size":"auto","background-attachment":"scroll","background-type":"","background-media":"","overlay-type":"","overlay-color":"","overlay-opacity":"","overlay-gradient":""}},"footnotes":""},"class_list":["post-72","page","type-page","status-publish","hentry"],"_links":{"self":[{"href":"https:\/\/stadtkapelle-illertissen.de\/index.php?rest_route=\/wp\/v2\/pages\/72","targetHints":{"allow":["GET"]}}],"collection":[{"href":"https:\/\/stadtkapelle-illertissen.de\/index.php?rest_route=\/wp\/v2\/pages"}],"about":[{"href":"https:\/\/stadtkapelle-illertissen.de\/index.php?rest_route=\/wp\/v2\/types\/page"}],"author":[{"embeddable":true,"href":"https:\/\/stadtkapelle-illertissen.de\/index.php?rest_route=\/wp\/v2\/users\/1"}],"replies":[{"embeddable":true,"href":"https:\/\/stadtkapelle-illertissen.de\/index.php?rest_route=%2Fwp%2Fv2%2Fcomments&post=72"}],"version-history":[{"count":0,"href":"https:\/\/stadtkapelle-illertissen.de\/index.php?rest_route=\/wp\/v2\/pages\/72\/revisions"}],"wp:attachment":[{"href":"https:\/\/stadtkapelle-illertissen.de\/index.php?rest_route=%2Fwp%2Fv2%2Fmedia&parent=72"}],"curies":[{"name":"wp","href":"https:\/\/api.w.org\/{rel}","templated":true}]}}