{"id":74,"date":"2024-04-03T15:00:04","date_gmt":"2024-04-03T13:00:04","guid":{"rendered":"http:\/\/stadtkapelle-illertissen.de\/?page_id=74"},"modified":"2024-04-03T15:00:04","modified_gmt":"2024-04-03T13:00:04","slug":"vorstufenorchester","status":"publish","type":"page","link":"https:\/\/stadtkapelle-illertissen.de\/?page_id=74","title":{"rendered":"Vorstufenorchester"},"content":{"rendered":"\n<figure class=\"wp-block-image size-large\"><img loading=\"lazy\" decoding=\"async\" width=\"1024\" height=\"571\" src=\"http:\/\/217.154.211.222:8080\/wp-content\/uploads\/2025\/11\/Vorstufe2025-1-1024x571.jpeg\" alt=\"\" class=\"wp-image-540\" srcset=\"https:\/\/stadtkapelle-illertissen.de\/wp-content\/uploads\/2025\/11\/Vorstufe2025-1-1024x571.jpeg 1024w, https:\/\/stadtkapelle-illertissen.de\/wp-content\/uploads\/2025\/11\/Vorstufe2025-1-300x167.jpeg 300w, https:\/\/stadtkapelle-illertissen.de\/wp-content\/uploads\/2025\/11\/Vorstufe2025-1-768x428.jpeg 768w, https:\/\/stadtkapelle-illertissen.de\/wp-content\/uploads\/2025\/11\/Vorstufe2025-1-1536x856.jpeg 1536w, https:\/\/stadtkapelle-illertissen.de\/wp-content\/uploads\/2025\/11\/Vorstufe2025-1-2048x1142.jpeg 2048w\" sizes=\"auto, (max-width: 1024px) 100vw, 1024px\" \/><\/figure>\n\n\n\n<p>Das Vorstufenorchester wurde im Januar 1998 gegr\u00fcndet. Seit der Einf\u00fchrung der Bl\u00e4serklassen ist es das \u201eAnschlussorchester\u201c, was die Kinder nach Abschluss der Grundschule abholt und musikalisch weiter f\u00fchrt. Das Vorstufenorchester probt w\u00f6chentlich und wird seit dem Schuljahr 2025\/26 von David Sch\u00f6pf geleitet.<\/p>\n","protected":false},"excerpt":{"rendered":"<p>Das Vorstufenorchester wurde im Januar 1998 gegr\u00fcndet. Seit der Einf\u00fchrung der Bl\u00e4serklassen ist es das \u201eAnschlussorchester\u201c, was die Kinder nach Abschluss der Grundschule abholt und musikalisch weiter f\u00fchrt. Das Vorstufenorchester probt w\u00f6chentlich und wird seit dem Schuljahr 2025\/26 von David Sch\u00f6pf geleitet.<\/p>\n","protected":false},"author":1,"featured_media":0,"parent":0,"menu_order":0,"comment_status":"closed","ping_status":"closed","template":"","meta":{"site-sidebar-layout":"default","site-content-layout":"","ast-site-content-layout":"default","site-content-style":"default","site-sidebar-style":"default","ast-global-header-display":"","ast-banner-title-visibility":"","ast-main-header-display":"","ast-hfb-above-header-display":"","ast-hfb-below-header-display":"","ast-hfb-mobile-header-display":"","site-post-title":"","ast-breadcrumbs-content":"","ast-featured-img":"","footer-sml-layout":"","ast-disable-related-posts":"","theme-transparent-header-meta":"","adv-header-id-meta":"","stick-header-meta":"","header-above-stick-meta":"","header-main-stick-meta":"","header-below-stick-meta":"","astra-migrate-meta-layouts":"default","ast-page-background-enabled":"default","ast-page-background-meta":{"desktop":{"background-color":"var(--ast-global-color-5)","background-image":"","background-repeat":"repeat","background-position":"center center","background-size":"auto","background-attachment":"scroll","background-type":"","background-media":"","overlay-type":"","overlay-color":"","overlay-opacity":"","overlay-gradient":""},"tablet":{"background-color":"","background-image":"","background-repeat":"repeat","background-position":"center center","background-size":"auto","background-attachment":"scroll","background-type":"","background-media":"","overlay-type":"","overlay-color":"","overlay-opacity":"","overlay-gradient":""},"mobile":{"background-color":"","background-image":"","background-repeat":"repeat","background-position":"center center","background-size":"auto","background-attachment":"scroll","background-type":"","background-media":"","overlay-type":"","overlay-color":"","overlay-opacity":"","overlay-gradient":""}},"ast-content-background-meta":{"desktop":{"background-color":"var(--ast-global-color-4)","background-image":"","background-repeat":"repeat","background-position":"center center","background-size":"auto","background-attachment":"scroll","background-type":"","background-media":"","overlay-type":"","overlay-color":"","overlay-opacity":"","overlay-gradient":""},"tablet":{"background-color":"var(--ast-global-color-4)","background-image":"","background-repeat":"repeat","background-position":"center center","background-size":"auto","background-attachment":"scroll","background-type":"","background-media":"","overlay-type":"","overlay-color":"","overlay-opacity":"","overlay-gradient":""},"mobile":{"background-color":"var(--ast-global-color-4)","background-image":"","background-repeat":"repeat","background-position":"center center","background-size":"auto","background-attachment":"scroll","background-type":"","background-media":"","overlay-type":"","overlay-color":"","overlay-opacity":"","overlay-gradient":""}},"footnotes":""},"class_list":["post-74","page","type-page","status-publish","hentry"],"_links":{"self":[{"href":"https:\/\/stadtkapelle-illertissen.de\/index.php?rest_route=\/wp\/v2\/pages\/74","targetHints":{"allow":["GET"]}}],"collection":[{"href":"https:\/\/stadtkapelle-illertissen.de\/index.php?rest_route=\/wp\/v2\/pages"}],"about":[{"href":"https:\/\/stadtkapelle-illertissen.de\/index.php?rest_route=\/wp\/v2\/types\/page"}],"author":[{"embeddable":true,"href":"https:\/\/stadtkapelle-illertissen.de\/index.php?rest_route=\/wp\/v2\/users\/1"}],"replies":[{"embeddable":true,"href":"https:\/\/stadtkapelle-illertissen.de\/index.php?rest_route=%2Fwp%2Fv2%2Fcomments&post=74"}],"version-history":[{"count":0,"href":"https:\/\/stadtkapelle-illertissen.de\/index.php?rest_route=\/wp\/v2\/pages\/74\/revisions"}],"wp:attachment":[{"href":"https:\/\/stadtkapelle-illertissen.de\/index.php?rest_route=%2Fwp%2Fv2%2Fmedia&parent=74"}],"curies":[{"name":"wp","href":"https:\/\/api.w.org\/{rel}","templated":true}]}}