{"id":81,"date":"2024-04-03T15:01:36","date_gmt":"2024-04-03T13:01:36","guid":{"rendered":"http:\/\/stadtkapelle-illertissen.de\/?page_id=81"},"modified":"2024-04-03T15:01:36","modified_gmt":"2024-04-03T13:01:36","slug":"blaeserpruefungen","status":"publish","type":"page","link":"https:\/\/stadtkapelle-illertissen.de\/?page_id=81","title":{"rendered":"Bl\u00e4serpr\u00fcfungen"},"content":{"rendered":"\n<h2 class=\"wp-block-heading\">Bronze (D1)<\/h2>\n\n\n\n<h3 class=\"wp-block-heading\">Ziel<\/h3>\n\n\n\n<p>Erweiterung der instrumentalen F\u00e4higkeiten und musiktheoretischen Kenntnisse, Erg\u00e4nzung zur Ausbildung in den Vereinen, Beurteilung der musikalischen Leistung durch eine unabh\u00e4ngige Kommission<\/p>\n\n\n\n<h3 class=\"wp-block-heading\">Zielgruppe<\/h3>\n\n\n\n<p>Musiker*innen, die eine ca. zwei\u00e4hrige Ausbildung auf einem Blasinstrument durchlaufen haben und Mitglied einer ASM-Kapelle sind.<\/p>\n\n\n\n<h3 class=\"wp-block-heading\">Zulassungsbestimmungen<\/h3>\n\n\n\n<p>In der Regel der Besuch eines entsprechenden Vorbereitungskurses. Externe Teilnehmer k\u00f6nnen zur Pr\u00fcfung zugelassen werden, falls eine schriftliche Erkl\u00e4rung des Dirigenten oder Ausbilders vorliegt.<\/p>\n\n\n\n<h3 class=\"wp-block-heading\">Lehrgangsleitung und Pr\u00fcfungsabnahme<\/h3>\n\n\n\n<p>Bezirksjugendleiter*in<\/p>\n\n\n\n<h2 class=\"wp-block-heading\">Silber (D2)<\/h2>\n\n\n\n<h3 class=\"wp-block-heading\">Ziel<\/h3>\n\n\n\n<p>Erg\u00e4nzung der Ausbildung in den Vereinen, Erweiterung der instrumentalen F\u00e4higkeiten und musik-theoretischen Kenntnisse. Beurteilung der musikalischen Leistung durch eine unabh\u00e4ngige Musikkommission.<\/p>\n\n\n\n<h3 class=\"wp-block-heading\">Zielgruppe<\/h3>\n\n\n\n<p>Musiker*innen, die eine mehrj\u00e4hrige Ausbildung auf einem Blasinstrument durchlaufen haben und Mitglied einer ASM-Kapelle sind.<\/p>\n\n\n\n<h3 class=\"wp-block-heading\">Zulassungsbestimmungen<\/h3>\n\n\n\n<p>Die bestandene Bl\u00e4serpr\u00fcfung in Bronze &#8211; D 1. In der Regel der Besuch eines entsprechenden Vorbereitungskurses. Externe Teilnehmer k\u00f6nnen zur Pr\u00fcfung zugelassen werden, falls eine schriftliche Erkl\u00e4rung des Dirigenten oder Ausbilders vorliegt.<\/p>\n\n\n\n<h3 class=\"wp-block-heading\">Lehrgangsleitung und Pr\u00fcfungsabnahme<\/h3>\n\n\n\n<p>Bezirksjugendleiter*in<\/p>\n\n\n\n<h2 class=\"wp-block-heading\">Gold (D3)<\/h2>\n\n\n\n<h3 class=\"wp-block-heading\">Ziel<\/h3>\n\n\n\n<p>Erg\u00e4nzung der Ausbildung in den Vereinen. Erweiterung der instrumentalen F\u00e4higkeiten. Beurteilung der musikalischen Leistung durch eine unabh\u00e4ngige Musikkommission.<\/p>\n\n\n\n<h3 class=\"wp-block-heading\">Zielgruppe<\/h3>\n\n\n\n<p>Musiker*innen die eine mehrj\u00e4hrige Ausbildung auf einem Blasinstrument durchlaufen haben, Mitglied einer ASM-Kapelle sind und als Solisten im Orchester auftreten wollen.<\/p>\n\n\n\n<h3 class=\"wp-block-heading\">Zulassungsbestimmungen<\/h3>\n\n\n\n<p>Die bestandene Bl\u00e4serpr\u00fcfung im Silber &#8211; D2. Mindestalter 15 Jahre. In der Regel der Besuch eines entsprechenden Vorbereitungskurses. Externe Teilnehmer k\u00f6nnen zur Pr\u00fcfung zugelassen werden, falls eine schriftliche Erkl\u00e4rung des Dirigenten oder Ausbilders vorliegt.<\/p>\n\n\n\n<h3 class=\"wp-block-heading\">Lehrgangsleitung und Pr\u00fcfungsabnahme<\/h3>\n\n\n\n<p>Bezirksjugendleiter*in \/ Verantwortliche(r) des Bezirks<\/p>\n","protected":false},"excerpt":{"rendered":"<p>Bronze (D1) Ziel Erweiterung der instrumentalen F\u00e4higkeiten und musiktheoretischen Kenntnisse, Erg\u00e4nzung zur Ausbildung in den Vereinen, Beurteilung der musikalischen Leistung durch eine unabh\u00e4ngige Kommission Zielgruppe Musiker*innen, die eine ca. zwei\u00e4hrige Ausbildung auf einem Blasinstrument durchlaufen haben und Mitglied einer ASM-Kapelle sind. Zulassungsbestimmungen In der Regel der Besuch eines entsprechenden Vorbereitungskurses. Externe Teilnehmer k\u00f6nnen zur Pr\u00fcfung [&hellip;]<\/p>\n","protected":false},"author":1,"featured_media":0,"parent":0,"menu_order":0,"comment_status":"closed","ping_status":"closed","template":"","meta":{"site-sidebar-layout":"default","site-content-layout":"","ast-site-content-layout":"default","site-content-style":"default","site-sidebar-style":"default","ast-global-header-display":"","ast-banner-title-visibility":"","ast-main-header-display":"","ast-hfb-above-header-display":"","ast-hfb-below-header-display":"","ast-hfb-mobile-header-display":"","site-post-title":"","ast-breadcrumbs-content":"","ast-featured-img":"","footer-sml-layout":"","ast-disable-related-posts":"","theme-transparent-header-meta":"","adv-header-id-meta":"","stick-header-meta":"","header-above-stick-meta":"","header-main-stick-meta":"","header-below-stick-meta":"","astra-migrate-meta-layouts":"default","ast-page-background-enabled":"default","ast-page-background-meta":{"desktop":{"background-color":"var(--ast-global-color-5)","background-image":"","background-repeat":"repeat","background-position":"center center","background-size":"auto","background-attachment":"scroll","background-type":"","background-media":"","overlay-type":"","overlay-color":"","overlay-opacity":"","overlay-gradient":""},"tablet":{"background-color":"","background-image":"","background-repeat":"repeat","background-position":"center center","background-size":"auto","background-attachment":"scroll","background-type":"","background-media":"","overlay-type":"","overlay-color":"","overlay-opacity":"","overlay-gradient":""},"mobile":{"background-color":"","background-image":"","background-repeat":"repeat","background-position":"center center","background-size":"auto","background-attachment":"scroll","background-type":"","background-media":"","overlay-type":"","overlay-color":"","overlay-opacity":"","overlay-gradient":""}},"ast-content-background-meta":{"desktop":{"background-color":"var(--ast-global-color-4)","background-image":"","background-repeat":"repeat","background-position":"center center","background-size":"auto","background-attachment":"scroll","background-type":"","background-media":"","overlay-type":"","overlay-color":"","overlay-opacity":"","overlay-gradient":""},"tablet":{"background-color":"var(--ast-global-color-4)","background-image":"","background-repeat":"repeat","background-position":"center center","background-size":"auto","background-attachment":"scroll","background-type":"","background-media":"","overlay-type":"","overlay-color":"","overlay-opacity":"","overlay-gradient":""},"mobile":{"background-color":"var(--ast-global-color-4)","background-image":"","background-repeat":"repeat","background-position":"center center","background-size":"auto","background-attachment":"scroll","background-type":"","background-media":"","overlay-type":"","overlay-color":"","overlay-opacity":"","overlay-gradient":""}},"footnotes":""},"class_list":["post-81","page","type-page","status-publish","hentry"],"_links":{"self":[{"href":"https:\/\/stadtkapelle-illertissen.de\/index.php?rest_route=\/wp\/v2\/pages\/81","targetHints":{"allow":["GET"]}}],"collection":[{"href":"https:\/\/stadtkapelle-illertissen.de\/index.php?rest_route=\/wp\/v2\/pages"}],"about":[{"href":"https:\/\/stadtkapelle-illertissen.de\/index.php?rest_route=\/wp\/v2\/types\/page"}],"author":[{"embeddable":true,"href":"https:\/\/stadtkapelle-illertissen.de\/index.php?rest_route=\/wp\/v2\/users\/1"}],"replies":[{"embeddable":true,"href":"https:\/\/stadtkapelle-illertissen.de\/index.php?rest_route=%2Fwp%2Fv2%2Fcomments&post=81"}],"version-history":[{"count":0,"href":"https:\/\/stadtkapelle-illertissen.de\/index.php?rest_route=\/wp\/v2\/pages\/81\/revisions"}],"wp:attachment":[{"href":"https:\/\/stadtkapelle-illertissen.de\/index.php?rest_route=%2Fwp%2Fv2%2Fmedia&parent=81"}],"curies":[{"name":"wp","href":"https:\/\/api.w.org\/{rel}","templated":true}]}}