{"id":89,"date":"2024-04-03T15:02:17","date_gmt":"2024-04-03T13:02:17","guid":{"rendered":"http:\/\/stadtkapelle-illertissen.de\/?page_id=89"},"modified":"2024-04-03T15:02:17","modified_gmt":"2024-04-03T13:02:17","slug":"blaeserklasse","status":"publish","type":"page","link":"https:\/\/stadtkapelle-illertissen.de\/?page_id=89","title":{"rendered":"Bl\u00e4serklasse"},"content":{"rendered":"\n<figure class=\"wp-block-image aligncenter size-full\"><img loading=\"lazy\" decoding=\"async\" width=\"800\" height=\"448\" src=\"http:\/\/217.154.211.222:8080\/wp-content\/uploads\/2025\/10\/BlaeserklasseHomepage.jpg\" alt=\"\" class=\"wp-image-508\" srcset=\"https:\/\/stadtkapelle-illertissen.de\/wp-content\/uploads\/2025\/10\/BlaeserklasseHomepage.jpg 800w, https:\/\/stadtkapelle-illertissen.de\/wp-content\/uploads\/2025\/10\/BlaeserklasseHomepage-300x168.jpg 300w, https:\/\/stadtkapelle-illertissen.de\/wp-content\/uploads\/2025\/10\/BlaeserklasseHomepage-768x430.jpg 768w\" sizes=\"auto, (max-width: 800px) 100vw, 800px\" \/><\/figure>\n\n\n\n<p>Seit September 2008 haben wir sie: die Bl\u00e4serklasse! Motivierte Sch\u00fclerinnen und Sch\u00fcler der Grundschule haben so ab der dritten Jahrgangsstufe die M\u00f6glichkeit, ein Instrument innerhalb der Schulzeit und zu kosteng\u00fcnstigen Bedingungen zu erlernen. Das Klassenmusizieren mit Orchesterblasinstrumenten ist als zweij\u00e4hriges Projekt angelegt. Erste Konzerte und Erfolge bieten als Klassenergebnis einen sozialen Erfolg und fordern somit ein positives Lernklima. Schl\u00fcsselqualifikationen wie beispielsweise die Teamf\u00e4higkeit werden schon fr\u00fch ge\u00fcbt. Nach der vierten Jahrgangsstufe k\u00f6nnen die Teilnehmerinnen und Teilnehmer der Bl\u00e4serklasse ihre musikalische Ausbildung \u00fcber die Stadtkapelle fortsetzen. Der Unterricht verl\u00e4uft demnach nahtlos weiter; das Vorstufenorchester ersetzt das w\u00f6chentliche Schulorchester.<\/p>\n\n\n\n<p>Du kommst in die dritte Jahrgangsstufe der Illertisser Grundschule? Dann probier&#8217;s doch aus!<\/p>\n\n\n\n<p>Damit wir als Stadtkapelle Illertissen e.V. die Jugendarbeit stemmen k\u00f6nnen, bedanken wir uns recht herzlich bei&#8230;<\/p>\n\n\n\n<ul class=\"wp-block-list\">\n<li>&#8230; dem Bayerischen Staatsministerium f\u00fcr Wissenschaft und Kunst<\/li>\n\n\n\n<li>&#8230; der Stadt Illertissen<\/li>\n\n\n\n<li>&#8230; dem Landkreis Neu-Ulm<\/li>\n\n\n\n<li>&#8230; allen F\u00f6rdermitgliedern und G\u00f6nnern<\/li>\n<\/ul>\n\n\n\n<p class=\"has-text-align-left has-large-font-size\"><strong>DANKE!<\/strong><\/p>\n\n\n\n<!--<p>Hier kann der Rahmenvertrag heruntergeladen werden, welcher vor Beginn der dritten Jahrgangsstufe (m\u00f6glichst bereits im Dokument) ausgef\u00fcllt und unterschrieben werden muss (Seiten 1 - 2). Nachdem das Kennenlernen der Instrumente abgeschlossen ist (etwa in der dritten oder vierten Schulwoche), wird der Leihvertrag f\u00fcr das Wunschinstrument ausgeteilt (Seiten 3 - 4). Je nach Anmeldezahlen k\u00f6nnen folgende Instrumente angeboten werden: Fl\u00f6te, Klarinette, Altsaxophon, Trompete, Horn, Euphonium, Posaune, Tuba.<\/p>-->\n\n\n\n<div class=\"wp-block-buttons is-layout-flex wp-block-buttons-is-layout-flex\">\n<!--<div class=\"wp-block-button\"><a class=\"wp-block-button__link wp-element-button\" href=\"https:\/\/stadtkapelle-illertissen.de\/?attachment_id=238\" target=\"_blank\" rel=\"noreferrer noopener\">Download Rahmenvertrag<\/a><\/div>-->\n<\/div>\n","protected":false},"excerpt":{"rendered":"<p>Seit September 2008 haben wir sie: die Bl\u00e4serklasse! Motivierte Sch\u00fclerinnen und Sch\u00fcler der Grundschule haben so ab der dritten Jahrgangsstufe die M\u00f6glichkeit, ein Instrument innerhalb der Schulzeit und zu kosteng\u00fcnstigen Bedingungen zu erlernen. Das Klassenmusizieren mit Orchesterblasinstrumenten ist als zweij\u00e4hriges Projekt angelegt. Erste Konzerte und Erfolge bieten als Klassenergebnis einen sozialen Erfolg und fordern somit [&hellip;]<\/p>\n","protected":false},"author":1,"featured_media":0,"parent":0,"menu_order":0,"comment_status":"closed","ping_status":"closed","template":"","meta":{"site-sidebar-layout":"default","site-content-layout":"","ast-site-content-layout":"default","site-content-style":"default","site-sidebar-style":"default","ast-global-header-display":"","ast-banner-title-visibility":"","ast-main-header-display":"","ast-hfb-above-header-display":"","ast-hfb-below-header-display":"","ast-hfb-mobile-header-display":"","site-post-title":"","ast-breadcrumbs-content":"","ast-featured-img":"","footer-sml-layout":"","ast-disable-related-posts":"","theme-transparent-header-meta":"","adv-header-id-meta":"","stick-header-meta":"","header-above-stick-meta":"","header-main-stick-meta":"","header-below-stick-meta":"","astra-migrate-meta-layouts":"default","ast-page-background-enabled":"default","ast-page-background-meta":{"desktop":{"background-color":"var(--ast-global-color-5)","background-image":"","background-repeat":"repeat","background-position":"center center","background-size":"auto","background-attachment":"scroll","background-type":"","background-media":"","overlay-type":"","overlay-color":"","overlay-opacity":"","overlay-gradient":""},"tablet":{"background-color":"","background-image":"","background-repeat":"repeat","background-position":"center center","background-size":"auto","background-attachment":"scroll","background-type":"","background-media":"","overlay-type":"","overlay-color":"","overlay-opacity":"","overlay-gradient":""},"mobile":{"background-color":"","background-image":"","background-repeat":"repeat","background-position":"center center","background-size":"auto","background-attachment":"scroll","background-type":"","background-media":"","overlay-type":"","overlay-color":"","overlay-opacity":"","overlay-gradient":""}},"ast-content-background-meta":{"desktop":{"background-color":"var(--ast-global-color-4)","background-image":"","background-repeat":"repeat","background-position":"center center","background-size":"auto","background-attachment":"scroll","background-type":"","background-media":"","overlay-type":"","overlay-color":"","overlay-opacity":"","overlay-gradient":""},"tablet":{"background-color":"var(--ast-global-color-4)","background-image":"","background-repeat":"repeat","background-position":"center center","background-size":"auto","background-attachment":"scroll","background-type":"","background-media":"","overlay-type":"","overlay-color":"","overlay-opacity":"","overlay-gradient":""},"mobile":{"background-color":"var(--ast-global-color-4)","background-image":"","background-repeat":"repeat","background-position":"center center","background-size":"auto","background-attachment":"scroll","background-type":"","background-media":"","overlay-type":"","overlay-color":"","overlay-opacity":"","overlay-gradient":""}},"footnotes":""},"class_list":["post-89","page","type-page","status-publish","hentry"],"_links":{"self":[{"href":"https:\/\/stadtkapelle-illertissen.de\/index.php?rest_route=\/wp\/v2\/pages\/89","targetHints":{"allow":["GET"]}}],"collection":[{"href":"https:\/\/stadtkapelle-illertissen.de\/index.php?rest_route=\/wp\/v2\/pages"}],"about":[{"href":"https:\/\/stadtkapelle-illertissen.de\/index.php?rest_route=\/wp\/v2\/types\/page"}],"author":[{"embeddable":true,"href":"https:\/\/stadtkapelle-illertissen.de\/index.php?rest_route=\/wp\/v2\/users\/1"}],"replies":[{"embeddable":true,"href":"https:\/\/stadtkapelle-illertissen.de\/index.php?rest_route=%2Fwp%2Fv2%2Fcomments&post=89"}],"version-history":[{"count":0,"href":"https:\/\/stadtkapelle-illertissen.de\/index.php?rest_route=\/wp\/v2\/pages\/89\/revisions"}],"wp:attachment":[{"href":"https:\/\/stadtkapelle-illertissen.de\/index.php?rest_route=%2Fwp%2Fv2%2Fmedia&parent=89"}],"curies":[{"name":"wp","href":"https:\/\/api.w.org\/{rel}","templated":true}]}}